{"id":90,"date":"2016-09-27T13:26:10","date_gmt":"2016-09-27T11:26:10","guid":{"rendered":"http:\/\/spanndecken-nrw.de\/de\/?page_id=90"},"modified":"2016-10-10T10:55:19","modified_gmt":"2016-10-10T08:55:19","slug":"vorteile","status":"publish","type":"page","link":"https:\/\/spanndecken-nrw.de\/de\/spanndecken\/vorteile\/","title":{"rendered":"Vorteile"},"content":{"rendered":"<p>Eine Spanndecke bietet mehr kreative M\u00f6glichkeiten bei der Gestaltung von R\u00e4umen als die bekannten klassischen Varianten.<\/p>\n<p>Spanndecken k\u00f6nnen in jeder erdenklichen Form montiert (Dachschr\u00e4gen \/ besondere Grundrisse usw \u2026) und in jede Art von R\u00e4umen integriert werden und harmonieren mit der Beleuchtung, der Wand- und Raumgestaltung.<\/p>\n<p>Spanndecken sind langlebig und hygenisch.<br \/>\nDer Kunststoff der Spanndecken ist antistatisch und somit staubfrei. Die Spanndecke erf\u00fcllt die Brandschutzklasse B1 (schwer entflammbar).<\/p>\n<p>Beim Renovieren, Sanieren oder Neubau ergeben sich durch die individuell auf Ihre Bed\u00fcrfnisse zugeschnittenen Spanndecken eine nahezu unbegrenzte Anzahl von M\u00f6glichkeiten,<br \/>\nIhr Zuhause \/ Arbeitsr\u00e4ume nach Ihrem Geschmack einzurichten und zu gestalten.<\/p>\n<p>Durch eine Spanndecke verleihen Sie Ihren R\u00e4umen mehr Flair, Individualit\u00e4t und somit Lebensqualit\u00e4t.<\/p>\n","protected":false},"excerpt":{"rendered":"<p> <span class=\"readmore\"><a href=\"https:\/\/spanndecken-nrw.de\/de\/spanndecken\/vorteile\/\">Mehr erfahren &#8230;<\/a><\/span><\/p>\n","protected":false},"author":1,"featured_media":87,"parent":8,"menu_order":0,"comment_status":"closed","ping_status":"closed","template":"","meta":{"footnotes":""},"class_list":["post-90","page","type-page","status-publish","has-post-thumbnail","hentry"],"jetpack_sharing_enabled":true,"jetpack_shortlink":"https:\/\/wp.me\/P7UNjM-1s","jetpack-related-posts":[{"id":8,"url":"https:\/\/spanndecken-nrw.de\/de\/spanndecken\/","url_meta":{"origin":90,"position":0},"title":"Spanndecken","author":"netschmied-webmaster","date":"16. September 2016","format":false,"excerpt":"Bei der Renovierung von Wohnr\u00e4umen stellt sich immer wieder die Frage: Was kann man mit der Zimmerdecke machen? Eine formsch\u00f6ne Alternative zum Streichen oder Herausrei\u00dfen der alten Decke bietet eine Spanndecke. Dieses Deckensystem wird unterhalb der urspr\u00fcnglichen Raumdecke angebracht. Das m\u00fchsame und oftmals staubige Herausrei\u00dfen der alten Decke sowie das\u2026","rel":"","context":"\u00c4hnlicher Beitrag","block_context":{"text":"\u00c4hnlicher Beitrag","link":""},"img":{"alt_text":"","src":"https:\/\/i0.wp.com\/spanndecken-nrw.de\/de\/wp-content\/uploads\/2016\/09\/IMG_0611_1.jpg?fit=1200%2C514&ssl=1&resize=350%2C200","width":350,"height":200,"srcset":"https:\/\/i0.wp.com\/spanndecken-nrw.de\/de\/wp-content\/uploads\/2016\/09\/IMG_0611_1.jpg?fit=1200%2C514&ssl=1&resize=350%2C200 1x, https:\/\/i0.wp.com\/spanndecken-nrw.de\/de\/wp-content\/uploads\/2016\/09\/IMG_0611_1.jpg?fit=1200%2C514&ssl=1&resize=525%2C300 1.5x, https:\/\/i0.wp.com\/spanndecken-nrw.de\/de\/wp-content\/uploads\/2016\/09\/IMG_0611_1.jpg?fit=1200%2C514&ssl=1&resize=700%2C400 2x, https:\/\/i0.wp.com\/spanndecken-nrw.de\/de\/wp-content\/uploads\/2016\/09\/IMG_0611_1.jpg?fit=1200%2C514&ssl=1&resize=1050%2C600 3x"},"classes":[]},{"id":10,"url":"https:\/\/spanndecken-nrw.de\/de\/lichtdecken\/","url_meta":{"origin":90,"position":1},"title":"Lichtdecken","author":"netschmied-webmaster","date":"16. September 2016","format":false,"excerpt":"Lichtdecken - denn eine gro\u00dfz\u00fcgige Ausleuchtung ist wichtig \u2026 Warum spielen und arbeiten Sie nicht mit allen M\u00f6glichkeiten. Auch hier k\u00f6nnen Sie Form und Farbe einsetzen. Im Gegensatz zu herk\u00f6mmlichen Produkten aus Glas oder Kunststoff bestechen die Lichtdecken aus gespannter Folie durch ihre Leichtigkeit und ihren Variationsm\u00f6glichkeiten. Ob als Komplett-\u2026","rel":"","context":"\u00c4hnlicher Beitrag","block_context":{"text":"\u00c4hnlicher Beitrag","link":""},"img":{"alt_text":"","src":"https:\/\/i0.wp.com\/spanndecken-nrw.de\/de\/wp-content\/uploads\/2016\/09\/IMG_0611_6.jpg?fit=1200%2C514&ssl=1&resize=350%2C200","width":350,"height":200,"srcset":"https:\/\/i0.wp.com\/spanndecken-nrw.de\/de\/wp-content\/uploads\/2016\/09\/IMG_0611_6.jpg?fit=1200%2C514&ssl=1&resize=350%2C200 1x, https:\/\/i0.wp.com\/spanndecken-nrw.de\/de\/wp-content\/uploads\/2016\/09\/IMG_0611_6.jpg?fit=1200%2C514&ssl=1&resize=525%2C300 1.5x, https:\/\/i0.wp.com\/spanndecken-nrw.de\/de\/wp-content\/uploads\/2016\/09\/IMG_0611_6.jpg?fit=1200%2C514&ssl=1&resize=700%2C400 2x, https:\/\/i0.wp.com\/spanndecken-nrw.de\/de\/wp-content\/uploads\/2016\/09\/IMG_0611_6.jpg?fit=1200%2C514&ssl=1&resize=1050%2C600 3x"},"classes":[]},{"id":93,"url":"https:\/\/spanndecken-nrw.de\/de\/spanndecken\/haeufige-fragen\/","url_meta":{"origin":90,"position":2},"title":"H\u00e4ufige Fragen","author":"netschmied-webmaster","date":"27. September 2016","format":false,"excerpt":"Allgemeine Fragen: Frage: Ist eine Spanndecke wasserdicht? Antwort: Ja, eine Spanndecke ist wasserdicht und kann sogar dabei helfen, bei einen Rohrbruch oberhalb der Spanndecke, den Schaden unterhalb der Spanndecke zu vermeiden. Wir hatten einen solchen Fall, in dem eine Spanndecke einen Wasserschaden, der in einem h\u00f6her gelegenen Stockwerk auftrat, im\u2026","rel":"","context":"\u00c4hnlicher Beitrag","block_context":{"text":"\u00c4hnlicher Beitrag","link":""},"img":{"alt_text":"","src":"https:\/\/i0.wp.com\/spanndecken-nrw.de\/de\/wp-content\/uploads\/2016\/09\/IMG_0611_2.jpg?fit=1200%2C514&ssl=1&resize=350%2C200","width":350,"height":200,"srcset":"https:\/\/i0.wp.com\/spanndecken-nrw.de\/de\/wp-content\/uploads\/2016\/09\/IMG_0611_2.jpg?fit=1200%2C514&ssl=1&resize=350%2C200 1x, https:\/\/i0.wp.com\/spanndecken-nrw.de\/de\/wp-content\/uploads\/2016\/09\/IMG_0611_2.jpg?fit=1200%2C514&ssl=1&resize=525%2C300 1.5x, https:\/\/i0.wp.com\/spanndecken-nrw.de\/de\/wp-content\/uploads\/2016\/09\/IMG_0611_2.jpg?fit=1200%2C514&ssl=1&resize=700%2C400 2x, https:\/\/i0.wp.com\/spanndecken-nrw.de\/de\/wp-content\/uploads\/2016\/09\/IMG_0611_2.jpg?fit=1200%2C514&ssl=1&resize=1050%2C600 3x"},"classes":[]},{"id":6,"url":"https:\/\/spanndecken-nrw.de\/de\/","url_meta":{"origin":90,"position":3},"title":"Spanndecken f\u00fcr mehr Wohnlichkeit","author":"netschmied-webmaster","date":"16. September 2016","format":false,"excerpt":"Eine Spanndecke ist eine formsch\u00f6ne Alternative zum Streichen oder Herausrei\u00dfen der alten Decke. Dieses Deckensystem kann je nach Raumh\u00f6he unterhalb der vorhandenen Raumdecke angebracht werden. Dadurch entf\u00e4llt die m\u00fchsame und oftmals staubige Demontage. Unabh\u00e4ngig von der Form des jeweiligen Raumes konzipieren wir nach Ihren W\u00fcnschen die passende Deckenl\u00f6sung. Individuell f\u00fcr\u2026","rel":"","context":"\u00c4hnlicher Beitrag","block_context":{"text":"\u00c4hnlicher Beitrag","link":""},"img":{"alt_text":"","src":"","width":0,"height":0},"classes":[]},{"id":176,"url":"https:\/\/spanndecken-nrw.de\/de\/formen-und-farben\/","url_meta":{"origin":90,"position":4},"title":"Formen und Farben","author":"netschmied-webmaster","date":"10. Oktober 2016","format":false,"excerpt":"Spanndecken gibt es in \u00fcber 100 Farben. Die Oberfl\u00e4che kann dabei spiegelnd, matt oder auch mit Strukturen (z.B. Marmoreffekt) sein. Spanndecken k\u00f6nnen in jeder erdenklichen Form montiert werden (Dachschr\u00e4gen \/ besondere Grundrisse usw \u2026). Die Spanndecke kann in jede Art von R\u00e4umen integriert werden (Wohnr\u00e4ume, Gewerbe, B\u00fcro, Gastronomie etc.) und\u2026","rel":"","context":"\u00c4hnlicher Beitrag","block_context":{"text":"\u00c4hnlicher Beitrag","link":""},"img":{"alt_text":"","src":"https:\/\/i0.wp.com\/spanndecken-nrw.de\/de\/wp-content\/uploads\/2016\/10\/cfm1-Kopie.jpg?resize=350%2C200&ssl=1","width":350,"height":200,"srcset":"https:\/\/i0.wp.com\/spanndecken-nrw.de\/de\/wp-content\/uploads\/2016\/10\/cfm1-Kopie.jpg?resize=350%2C200&ssl=1 1x, https:\/\/i0.wp.com\/spanndecken-nrw.de\/de\/wp-content\/uploads\/2016\/10\/cfm1-Kopie.jpg?resize=525%2C300&ssl=1 1.5x, https:\/\/i0.wp.com\/spanndecken-nrw.de\/de\/wp-content\/uploads\/2016\/10\/cfm1-Kopie.jpg?resize=700%2C400&ssl=1 2x, https:\/\/i0.wp.com\/spanndecken-nrw.de\/de\/wp-content\/uploads\/2016\/10\/cfm1-Kopie.jpg?resize=1050%2C600&ssl=1 3x"},"classes":[]},{"id":173,"url":"https:\/\/spanndecken-nrw.de\/de\/spanndecken\/montage\/","url_meta":{"origin":90,"position":5},"title":"Montage","author":"netschmied-webmaster","date":"10. Oktober 2016","format":false,"excerpt":"Spanndecken werden schnell und ohne grosses Schmutzaufkommen montiert. Im Bedarfsfall kann die Spanndecke ge\u00f6ffnet \/ wieder geschlossen werden. Die Montage l\u00e4uft in diesen Schritten ab: \u2013 Ausmessen des Raumes \u2013 Ma\u00dfanfertigung der Spanndeckenfolie durch den Hersteller \u2013 Befestigen der Profile und Anbringung der Unterkostruktion (z.B. f\u00fcr Lautsprecher, Beleuchtungs \u2013 \/\u2026","rel":"","context":"\u00c4hnlicher Beitrag","block_context":{"text":"\u00c4hnlicher Beitrag","link":""},"img":{"alt_text":"","src":"https:\/\/i0.wp.com\/spanndecken-nrw.de\/de\/wp-content\/uploads\/2016\/10\/montage3.jpg?fit=1200%2C257&ssl=1&resize=350%2C200","width":350,"height":200,"srcset":"https:\/\/i0.wp.com\/spanndecken-nrw.de\/de\/wp-content\/uploads\/2016\/10\/montage3.jpg?fit=1200%2C257&ssl=1&resize=350%2C200 1x, https:\/\/i0.wp.com\/spanndecken-nrw.de\/de\/wp-content\/uploads\/2016\/10\/montage3.jpg?fit=1200%2C257&ssl=1&resize=525%2C300 1.5x, https:\/\/i0.wp.com\/spanndecken-nrw.de\/de\/wp-content\/uploads\/2016\/10\/montage3.jpg?fit=1200%2C257&ssl=1&resize=700%2C400 2x, https:\/\/i0.wp.com\/spanndecken-nrw.de\/de\/wp-content\/uploads\/2016\/10\/montage3.jpg?fit=1200%2C257&ssl=1&resize=1050%2C600 3x"},"classes":[]}],"_links":{"self":[{"href":"https:\/\/spanndecken-nrw.de\/de\/wp-json\/wp\/v2\/pages\/90","targetHints":{"allow":["GET"]}}],"collection":[{"href":"https:\/\/spanndecken-nrw.de\/de\/wp-json\/wp\/v2\/pages"}],"about":[{"href":"https:\/\/spanndecken-nrw.de\/de\/wp-json\/wp\/v2\/types\/page"}],"author":[{"embeddable":true,"href":"https:\/\/spanndecken-nrw.de\/de\/wp-json\/wp\/v2\/users\/1"}],"replies":[{"embeddable":true,"href":"https:\/\/spanndecken-nrw.de\/de\/wp-json\/wp\/v2\/comments?post=90"}],"version-history":[{"count":2,"href":"https:\/\/spanndecken-nrw.de\/de\/wp-json\/wp\/v2\/pages\/90\/revisions"}],"predecessor-version":[{"id":171,"href":"https:\/\/spanndecken-nrw.de\/de\/wp-json\/wp\/v2\/pages\/90\/revisions\/171"}],"up":[{"embeddable":true,"href":"https:\/\/spanndecken-nrw.de\/de\/wp-json\/wp\/v2\/pages\/8"}],"wp:featuredmedia":[{"embeddable":true,"href":"https:\/\/spanndecken-nrw.de\/de\/wp-json\/wp\/v2\/media\/87"}],"wp:attachment":[{"href":"https:\/\/spanndecken-nrw.de\/de\/wp-json\/wp\/v2\/media?parent=90"}],"curies":[{"name":"wp","href":"https:\/\/api.w.org\/{rel}","templated":true}]}}