{"id":473,"date":"2018-05-24T17:34:07","date_gmt":"2018-05-24T15:34:07","guid":{"rendered":"https:\/\/spanndecken-nrw.de\/de\/?page_id=473"},"modified":"2018-05-24T17:41:59","modified_gmt":"2018-05-24T15:41:59","slug":"datenschutz","status":"publish","type":"page","link":"https:\/\/spanndecken-nrw.de\/de\/datenschutz\/","title":{"rendered":"Datenschutz"},"content":{"rendered":"<div class=\"entry-content\">\n<p>Datenschutzerkl\u00e4rung<\/p>\n<p>Herzlich Willkommen auf unserer Webseite!<br \/>\nWir legen gr\u00f6\u00dften Wert auf den Schutz Ihrer Daten und die Wahrung Ihrer Privatsph\u00e4re. Nachstehend informieren wir Sie deshalb \u00fcber die Erhebung und Verwendung pers\u00f6nlicher Daten bei Nutzung unserer Webseite.<\/p>\n<p>Anonyme Datenerhebung<br \/>\nSie k\u00f6nnen unsere Webseiten besuchen, ohne Angaben zu Ihrer Person zu machen. Wir speichern in diesem Zusammenhang keinerlei pers\u00f6nliche Daten. Um unser Angebot zu verbessern, werten wir lediglich statistische Daten aus, die keinen R\u00fcckschluss auf Ihre Person erlauben.<\/p>\n<p>Erhebung und Verarbeitung bei Nutzung des Kontaktformulars<br \/>\nBei Nutzung des Kontaktformulars erheben wir personenbezogene Daten (Einzelangaben \u00fcber pers\u00f6nliche oder sachliche Verh\u00e4ltnisse einer bestimmten oder bestimmbaren nat\u00fcrlichen Person) nur in dem von Ihnen zur Verf\u00fcgung gestellten Umfang. Ihre E-Mail-Adresse nutzen wir nur zur Bearbeitung Ihrer Anfrage. Ihre Daten werden anschlie\u00dfend gel\u00f6scht, sofern Sie der weitergehenden Verarbeitung und Nutzung nicht zugestimmt haben.<\/p>\n<p>Erhebung, Verarbeitung und Nutzung personenbezogener Daten<br \/>\nWir erheben personenbezogene Daten (Einzelangaben \u00fcber pers\u00f6nliche oder sachliche Verh\u00e4ltnisse einer bestimmten oder bestimmbaren nat\u00fcrlichen Person) nur in dem von Ihnen zur Verf\u00fcgung gestellten Umfang. Die Verarbeitung und Nutzung Ihrer personenbezogenen Daten erfolgt zur Erf\u00fcllung und Abwicklung Ihrer Bestellung sowie zur Bearbeitung Ihrer Anfragen. Nach vollst\u00e4ndiger Vertragsabwicklung werden alle personenbezogenen Daten zun\u00e4chst unter Ber\u00fccksichtigung steuer- und handelsrechtlicher Aufbewahrungsfristen gespeichert und dann nach Fristablauf gel\u00f6scht, sofern Sie der weitergehenden Verarbeitung und Nutzung nicht zugestimmt haben.<\/p>\n<p>Weitergabe personenbezogener Daten<br \/>\nEine Weitergabe Ihrer Daten an Dritte ohne Ihre ausdr\u00fcckliche Einwilligung erfolgt nicht. Ausgenommen hiervon sind lediglich unsere Dienstleistungspartner, die wir zur Abwicklung des Vertragsverh\u00e4ltnisses ben\u00f6tigen. In diesen F\u00e4llen beachten wir strikt die Vorgaben des Bundesdatenschutzgesetzes. Der Umfang der Daten\u00fcbermittlung beschr\u00e4nkt sich auf ein Mindestma\u00df.<\/p>\n<p>Cookies<br \/>\nUnsere Internetseiten verwenden an mehreren Stellen so genannte Cookies. Cookies sind kleine Textdateien, die auf Ihrem Rechner abgelegt werden und die Ihr Browser speichert. Sie dienen dazu, unser Angebot nutzerfreundlicher, effektiver und sicherer zu machen. Des Weiteren erm\u00f6glichen Cookies unseren Systemen, Ihren Browser zu erkennen und Ihnen Services anzubieten. Cookies enthalten keine personenbezogenen Daten.<\/p>\n<p>Nutzung von Google Analytics<br \/>\nDiese Website benutzt Google Analytics, einen Webanalysedienst der Google Inc. (\u201eGoogle\u201c). Google Analytics verwendet sog. \u201eCookies\u201c, Textdateien, die auf Ihrem Computer gespeichert werden und die eine Analyse der Benutzung der Website durch Sie erm\u00f6glichen. Die durch den Cookie erzeugten Informationen \u00fcber Ihre Benutzung dieser Website werden in der Regel an einen Server von Google in den USA \u00fcbertragen und dort<br \/>\ngespeichert. Im Falle der Aktivierung der IP-Anonymisierung auf dieser Webseite, wird Ihre IP-Adresse von Google jedoch innerhalb von Mitgliedstaaten der Europ\u00e4ischen Union oder in anderen Vertragsstaaten des Abkommens \u00fcber den Europ\u00e4ischen Wirtschaftsraum zuvor gek\u00fcrzt. Nur in Ausnahmef\u00e4llen wird die volle IP-Adresse an einen Server von Google in den USA \u00fcbertragen und dort gek\u00fcrzt. Im Auftrag des Betreibers dieser Website wird Google diese Informationen benutzen, um Ihre Nutzung der Website auszuwerten, um Reports \u00fcber die Websiteaktivit\u00e4ten zusammenzustellen und um weitere mit der Websitenutzung und der Internetnutzung verbundene Dienstleistungen gegen\u00fcber dem Websitebetreiber zu erbringen. Die im Rahmen von Google Analytics von Ihrem Browser \u00fcbermittelte IP-Adresse wird nicht mit anderen Daten von Google zusammengef\u00fchrt. Sie k\u00f6nnen die Speicherung der Cookies durch eine entsprechende Einstellung Ihrer Browser-Software verhindern; wir weisen Sie jedoch darauf hin, dass Sie in diesem Fall gegebenenfalls nicht s\u00e4mtliche Funktionen dieser Website vollumf\u00e4nglich werden nutzen k\u00f6nnen. Sie k\u00f6nnen dar\u00fcber hinaus die Erfassung der durch das Cookie erzeugten und auf Ihre Nutzung der Website bezogenen Daten (inkl. Ihrer<br \/>\nIP-Adresse) an Google sowie die Verarbeitung dieser Daten durch Google verhindern, indem sie das unter dem folgenden Link verf\u00fcgbare Browser-Plugin herunterladen und installieren [http:\/\/tools.google.com\/dlpage\/gaoptout?hl=de].<\/p>\n<p>Datenschutzerkl\u00e4rung f\u00fcr die Nutzung von Facebook-Plugins (Like-Button)<\/p>\n<p>Auf unseren Seiten sind Plugins des sozialen Netzwerks Facebook (Facebook Inc., 1601 Willow Road, Menlo Park, California, 94025, USA) integriert. Die Facebook-Plugins erkennen Sie an dem Facebook-Logo oder dem \u201eLike-Button\u201c (\u201eGef\u00e4llt mir\u201c) auf unserer Seite. Eine \u00dcbersicht \u00fcber die Facebook-Plugins finden Sie hier:http:\/\/developers.facebook.com\/docs\/plugins\/.<br \/>\nWenn Sie unsere Seiten besuchen, wird \u00fcber das Plugin eine direkte Verbindung zwischen Ihrem Browser und dem Facebook-Server hergestellt. Facebook erh\u00e4lt dadurch die Information, dass Sie mit Ihrer IP-Adresse unsere Seite besucht haben. Wenn Sie den Facebook \u201eLike-Button\u201c anklicken w\u00e4hrend Sie in Ihrem Facebook-Account eingeloggt sind, k\u00f6nnen Sie die Inhalte unserer Seiten auf Ihrem Facebook-Profil verlinken. Dadurch kann Facebook den Besuch unserer Seiten Ihrem Benutzerkonto zuordnen. Wir weisen darauf hin, dass wir als Anbieter der Seiten keine Kenntnis vom Inhalt der \u00fcbermittelten Daten sowie deren Nutzung durch Facebook erhalten. Weitere Informationen hierzu finden Sie in der Datenschutzerkl\u00e4rung von facebook unter http:\/\/de-de.facebook.com\/policy.php<\/p>\n<p>Wenn Sie nicht w\u00fcnschen, dass Facebook den Besuch unserer Seiten Ihrem Facebook-Nutzerkonto zuordnen kann, loggen Sie sich bitte aus Ihrem Facebook-Benutzerkonto aus.<\/p>\n<p>Datenschutzerkl\u00e4rung f\u00fcr die Nutzung von Hotjar<\/p>\n<p>Auskunft, Berichtigung, Sperrung und L\u00f6schung von Daten<br \/>\nSie haben jederzeit das Recht auf unentgeltliche Auskunft \u00fcber Ihre gespeicherten Daten sowie das Recht auf Berichtigung, L\u00f6schung bzw. Sperrung. Kontaktieren Sie uns auf Wunsch.<\/p>\n<p>Diese Website benutzt Hotjar, ein Analysesoftware der Hotjar Ltd. (\u201eHotjar\u201c) (http:\/\/www.hotjar.com, 3 Lyons Range, 20 Bisazza Street, Sliema SLM 1640, Malta, Europe). Mit Hotjar ist es m\u00f6glich das Nutzungsverhalten (Klicks, Mausbewegungen, Scrollh\u00f6hen, etc.) auf unserer Website zu messen und auszuwerten. Die Informationen die dabei durch den \u201eTracking Code\u201c und \u201eCookie\u201c \u00fcber Ihren Besuch auf unserer Website generiert werden, werden an die Hotjar Server in Irland \u00fcbermittelt und dort gespeichert. Durch den Tracking Code werden folgende Informationen gesammelt.<\/p>\n<p>Ger\u00e4te abh\u00e4ngige Daten<br \/>\nDie IP-Adresse Ihres Ger\u00e4tes (gesammelt und abgespeichert in einem anonymisierten Format)<br \/>\nIhre E-Mail-Adresse inklusive Ihres Vor- und Nachnamens, soweit Sie diese \u00fcber unsere Webseite uns zur Verf\u00fcgung gestellt haben<br \/>\nBildschirmgr\u00f6\u00dfe Ihres Ger\u00e4tes<br \/>\nGer\u00e4tetyp und Browserinformation<br \/>\nGeographischer Standpunkt (nur das Land)<br \/>\nDie bevorzugte Sprache um unsere Website darzustellen<br \/>\nLog Daten<\/p>\n<p>Die folgenden Daten werden automatisch durch unsere Server erstellt wenn Hotjar benutzt wird:<\/p>\n<p>Bezugnehmende Domain<br \/>\nBesuchte Seiten<br \/>\nGeographischer Standpunkt (nur das Land)<br \/>\nDie bevorzugte Sprache um unsere Website darzustellen<br \/>\nDatum und Zeit wenn auf die Website zugegriffen wurde<\/p>\n<p>Hotjar wird diese Informationen nutzen um Ihre Nutzung unserer Website auszuwerten, Berichte der Nutzung zu erstellen, sowie sonstige Dienstleistungen, die die Websitebenutzung und Internetauswertung der Website betreffen. Hotjar benutzt zur Leistungserbringung auch Dienstleistungen von Drittunternehmen, wie beispielsweise Google Analytics und Optimizely. Diese Drittunternehmer k\u00f6nnen Informationen, die Ihr Browser im Rahmen des Website-Besuches sendet, wie beispielsweise Cookies oder IP-Anfragen, speichern. F\u00fcr n\u00e4here Informationen, wie Google Analytics und Optimizely Daten speichern und verwenden, beachten Sie bitte deren entsprechende Datenschutzerkl\u00e4rungen.<\/p>\n<p>Wenn Sie diese Webseite weiter nutzen, stimmen Sie der oben genannten Verarbeitung der dortigen Daten durch Hotjar und deren Drittanbieter im Rahmen derer Datenschutzerkl\u00e4rungen zu.<\/p>\n<p>Die Cookies, die Hotjar nutzt, haben eine unterschiedliche \u201eLebensdauer\u201c; manche bleiben bis zu 365 Tagen, manche bleiben nur w\u00e4hrend des aktuellen Besuchs g\u00fcltig.<br \/>\nSie k\u00f6nnen die Erfassung der Daten durch Hotjar verhindern, indem Sie auf folgenden Link klicken und die dortigen Instruktionen befolgen: <a href=\"https:\/\/www.hotjar.com\/opt-out\" target=\"_blank\" rel=\"noopener\">https:\/\/www.hotjar.com\/opt-out.<\/a><\/p>\n<\/div>\n","protected":false},"excerpt":{"rendered":"<p> <span class=\"readmore\"><a href=\"https:\/\/spanndecken-nrw.de\/de\/datenschutz\/\">Mehr erfahren &#8230;<\/a><\/span><\/p>\n","protected":false},"author":1,"featured_media":0,"parent":0,"menu_order":0,"comment_status":"closed","ping_status":"closed","template":"","meta":{"footnotes":""},"class_list":["post-473","page","type-page","status-publish","hentry"],"jetpack_sharing_enabled":false,"jetpack_shortlink":"https:\/\/wp.me\/P7UNjM-7D","jetpack-related-posts":[{"id":190,"url":"https:\/\/spanndecken-nrw.de\/de\/impressum\/","url_meta":{"origin":473,"position":0},"title":"Impressum","author":"netschmied-webmaster","date":"26. Januar 2017","format":false,"excerpt":"\u00a0 Datenschutzerkl\u00e4rung Herzlich Willkommen auf unserer Webseite! Wir legen gr\u00f6\u00dften Wert auf den Schutz Ihrer Daten und die Wahrung Ihrer Privatsph\u00e4re. Nachstehend informieren wir Sie deshalb \u00fcber die Erhebung und Verwendung pers\u00f6nlicher Daten bei Nutzung unserer Webseite. Anonyme Datenerhebung Sie k\u00f6nnen unsere Webseiten besuchen, ohne Angaben zu Ihrer Person zu\u2026","rel":"","context":"\u00c4hnlicher Beitrag","block_context":{"text":"\u00c4hnlicher Beitrag","link":""},"img":{"alt_text":"","src":"https:\/\/i0.wp.com\/spanndecken-nrw.de\/de\/wp-content\/uploads\/2017\/01\/impr.png?resize=350%2C200&ssl=1","width":350,"height":200},"classes":[]},{"id":93,"url":"https:\/\/spanndecken-nrw.de\/de\/spanndecken\/haeufige-fragen\/","url_meta":{"origin":473,"position":1},"title":"H\u00e4ufige Fragen","author":"netschmied-webmaster","date":"27. September 2016","format":false,"excerpt":"Allgemeine Fragen: Frage: Ist eine Spanndecke wasserdicht? Antwort: Ja, eine Spanndecke ist wasserdicht und kann sogar dabei helfen, bei einen Rohrbruch oberhalb der Spanndecke, den Schaden unterhalb der Spanndecke zu vermeiden. Wir hatten einen solchen Fall, in dem eine Spanndecke einen Wasserschaden, der in einem h\u00f6her gelegenen Stockwerk auftrat, im\u2026","rel":"","context":"\u00c4hnlicher Beitrag","block_context":{"text":"\u00c4hnlicher Beitrag","link":""},"img":{"alt_text":"","src":"https:\/\/i0.wp.com\/spanndecken-nrw.de\/de\/wp-content\/uploads\/2016\/09\/IMG_0611_2.jpg?fit=1200%2C514&ssl=1&resize=350%2C200","width":350,"height":200,"srcset":"https:\/\/i0.wp.com\/spanndecken-nrw.de\/de\/wp-content\/uploads\/2016\/09\/IMG_0611_2.jpg?fit=1200%2C514&ssl=1&resize=350%2C200 1x, https:\/\/i0.wp.com\/spanndecken-nrw.de\/de\/wp-content\/uploads\/2016\/09\/IMG_0611_2.jpg?fit=1200%2C514&ssl=1&resize=525%2C300 1.5x, https:\/\/i0.wp.com\/spanndecken-nrw.de\/de\/wp-content\/uploads\/2016\/09\/IMG_0611_2.jpg?fit=1200%2C514&ssl=1&resize=700%2C400 2x, https:\/\/i0.wp.com\/spanndecken-nrw.de\/de\/wp-content\/uploads\/2016\/09\/IMG_0611_2.jpg?fit=1200%2C514&ssl=1&resize=1050%2C600 3x"},"classes":[]},{"id":8,"url":"https:\/\/spanndecken-nrw.de\/de\/spanndecken\/","url_meta":{"origin":473,"position":2},"title":"Spanndecken","author":"netschmied-webmaster","date":"16. September 2016","format":false,"excerpt":"Bei der Renovierung von Wohnr\u00e4umen stellt sich immer wieder die Frage: Was kann man mit der Zimmerdecke machen? Eine formsch\u00f6ne Alternative zum Streichen oder Herausrei\u00dfen der alten Decke bietet eine Spanndecke. Dieses Deckensystem wird unterhalb der urspr\u00fcnglichen Raumdecke angebracht. Das m\u00fchsame und oftmals staubige Herausrei\u00dfen der alten Decke sowie das\u2026","rel":"","context":"\u00c4hnlicher Beitrag","block_context":{"text":"\u00c4hnlicher Beitrag","link":""},"img":{"alt_text":"","src":"https:\/\/i0.wp.com\/spanndecken-nrw.de\/de\/wp-content\/uploads\/2016\/09\/IMG_0611_1.jpg?fit=1200%2C514&ssl=1&resize=350%2C200","width":350,"height":200,"srcset":"https:\/\/i0.wp.com\/spanndecken-nrw.de\/de\/wp-content\/uploads\/2016\/09\/IMG_0611_1.jpg?fit=1200%2C514&ssl=1&resize=350%2C200 1x, https:\/\/i0.wp.com\/spanndecken-nrw.de\/de\/wp-content\/uploads\/2016\/09\/IMG_0611_1.jpg?fit=1200%2C514&ssl=1&resize=525%2C300 1.5x, https:\/\/i0.wp.com\/spanndecken-nrw.de\/de\/wp-content\/uploads\/2016\/09\/IMG_0611_1.jpg?fit=1200%2C514&ssl=1&resize=700%2C400 2x, https:\/\/i0.wp.com\/spanndecken-nrw.de\/de\/wp-content\/uploads\/2016\/09\/IMG_0611_1.jpg?fit=1200%2C514&ssl=1&resize=1050%2C600 3x"},"classes":[]},{"id":6,"url":"https:\/\/spanndecken-nrw.de\/de\/","url_meta":{"origin":473,"position":3},"title":"Spanndecken f\u00fcr mehr Wohnlichkeit","author":"netschmied-webmaster","date":"16. September 2016","format":false,"excerpt":"Eine Spanndecke ist eine formsch\u00f6ne Alternative zum Streichen oder Herausrei\u00dfen der alten Decke. Dieses Deckensystem kann je nach Raumh\u00f6he unterhalb der vorhandenen Raumdecke angebracht werden. Dadurch entf\u00e4llt die m\u00fchsame und oftmals staubige Demontage. Unabh\u00e4ngig von der Form des jeweiligen Raumes konzipieren wir nach Ihren W\u00fcnschen die passende Deckenl\u00f6sung. Individuell f\u00fcr\u2026","rel":"","context":"\u00c4hnlicher Beitrag","block_context":{"text":"\u00c4hnlicher Beitrag","link":""},"img":{"alt_text":"","src":"","width":0,"height":0},"classes":[]},{"id":10,"url":"https:\/\/spanndecken-nrw.de\/de\/lichtdecken\/","url_meta":{"origin":473,"position":4},"title":"Lichtdecken","author":"netschmied-webmaster","date":"16. September 2016","format":false,"excerpt":"Lichtdecken - denn eine gro\u00dfz\u00fcgige Ausleuchtung ist wichtig \u2026 Warum spielen und arbeiten Sie nicht mit allen M\u00f6glichkeiten. Auch hier k\u00f6nnen Sie Form und Farbe einsetzen. Im Gegensatz zu herk\u00f6mmlichen Produkten aus Glas oder Kunststoff bestechen die Lichtdecken aus gespannter Folie durch ihre Leichtigkeit und ihren Variationsm\u00f6glichkeiten. Ob als Komplett-\u2026","rel":"","context":"\u00c4hnlicher Beitrag","block_context":{"text":"\u00c4hnlicher Beitrag","link":""},"img":{"alt_text":"","src":"https:\/\/i0.wp.com\/spanndecken-nrw.de\/de\/wp-content\/uploads\/2016\/09\/IMG_0611_6.jpg?fit=1200%2C514&ssl=1&resize=350%2C200","width":350,"height":200,"srcset":"https:\/\/i0.wp.com\/spanndecken-nrw.de\/de\/wp-content\/uploads\/2016\/09\/IMG_0611_6.jpg?fit=1200%2C514&ssl=1&resize=350%2C200 1x, https:\/\/i0.wp.com\/spanndecken-nrw.de\/de\/wp-content\/uploads\/2016\/09\/IMG_0611_6.jpg?fit=1200%2C514&ssl=1&resize=525%2C300 1.5x, https:\/\/i0.wp.com\/spanndecken-nrw.de\/de\/wp-content\/uploads\/2016\/09\/IMG_0611_6.jpg?fit=1200%2C514&ssl=1&resize=700%2C400 2x, https:\/\/i0.wp.com\/spanndecken-nrw.de\/de\/wp-content\/uploads\/2016\/09\/IMG_0611_6.jpg?fit=1200%2C514&ssl=1&resize=1050%2C600 3x"},"classes":[]},{"id":111,"url":"https:\/\/spanndecken-nrw.de\/de\/technik\/beleuchtung\/","url_meta":{"origin":473,"position":5},"title":"Beleuchtung","author":"netschmied-webmaster","date":"27. September 2016","format":false,"excerpt":"Lampen und Spanndecken Spanndecken bieten eine unglaubliche Vielzahl an Beleuchtungsm\u00f6glichkeiten. Nat\u00fcrlich kann die bestehende Beleuchtung nahtlos in die Spanndecke integriert werden, egal ob Kronleuchter, Deckenlampe oder abgeh\u00e4ngte B\u00fcroleuchten. Um dem Raum ein besonderes Flair zu geben, empfehlen wir unseren Kunden z.B. Swarovski Crystal Downlights & Spots. Durch die lichtbrechenden Swarovski\u2026","rel":"","context":"\u00c4hnlicher Beitrag","block_context":{"text":"\u00c4hnlicher Beitrag","link":""},"img":{"alt_text":"","src":"https:\/\/i0.wp.com\/spanndecken-nrw.de\/de\/wp-content\/uploads\/2016\/09\/headbel.jpg?fit=1200%2C182&ssl=1&resize=350%2C200","width":350,"height":200,"srcset":"https:\/\/i0.wp.com\/spanndecken-nrw.de\/de\/wp-content\/uploads\/2016\/09\/headbel.jpg?fit=1200%2C182&ssl=1&resize=350%2C200 1x, https:\/\/i0.wp.com\/spanndecken-nrw.de\/de\/wp-content\/uploads\/2016\/09\/headbel.jpg?fit=1200%2C182&ssl=1&resize=525%2C300 1.5x, https:\/\/i0.wp.com\/spanndecken-nrw.de\/de\/wp-content\/uploads\/2016\/09\/headbel.jpg?fit=1200%2C182&ssl=1&resize=700%2C400 2x, https:\/\/i0.wp.com\/spanndecken-nrw.de\/de\/wp-content\/uploads\/2016\/09\/headbel.jpg?fit=1200%2C182&ssl=1&resize=1050%2C600 3x"},"classes":[]}],"_links":{"self":[{"href":"https:\/\/spanndecken-nrw.de\/de\/wp-json\/wp\/v2\/pages\/473","targetHints":{"allow":["GET"]}}],"collection":[{"href":"https:\/\/spanndecken-nrw.de\/de\/wp-json\/wp\/v2\/pages"}],"about":[{"href":"https:\/\/spanndecken-nrw.de\/de\/wp-json\/wp\/v2\/types\/page"}],"author":[{"embeddable":true,"href":"https:\/\/spanndecken-nrw.de\/de\/wp-json\/wp\/v2\/users\/1"}],"replies":[{"embeddable":true,"href":"https:\/\/spanndecken-nrw.de\/de\/wp-json\/wp\/v2\/comments?post=473"}],"version-history":[{"count":1,"href":"https:\/\/spanndecken-nrw.de\/de\/wp-json\/wp\/v2\/pages\/473\/revisions"}],"predecessor-version":[{"id":474,"href":"https:\/\/spanndecken-nrw.de\/de\/wp-json\/wp\/v2\/pages\/473\/revisions\/474"}],"wp:attachment":[{"href":"https:\/\/spanndecken-nrw.de\/de\/wp-json\/wp\/v2\/media?parent=473"}],"curies":[{"name":"wp","href":"https:\/\/api.w.org\/{rel}","templated":true}]}}