{"id":190,"date":"2017-01-26T15:00:09","date_gmt":"2017-01-26T14:00:09","guid":{"rendered":"http:\/\/spanndecken-nrw.de\/de\/?page_id=190"},"modified":"2017-02-02T18:01:41","modified_gmt":"2017-02-02T17:01:41","slug":"impressum","status":"publish","type":"page","link":"https:\/\/spanndecken-nrw.de\/de\/impressum\/","title":{"rendered":"Impressum"},"content":{"rendered":"<p><img data-recalc-dims=\"1\" loading=\"lazy\" decoding=\"async\" data-attachment-id=\"226\" data-permalink=\"https:\/\/spanndecken-nrw.de\/de\/impressum\/impr\/\" data-orig-file=\"https:\/\/i0.wp.com\/spanndecken-nrw.de\/de\/wp-content\/uploads\/2017\/01\/impr.png?fit=477%2C433&amp;ssl=1\" data-orig-size=\"477,433\" data-comments-opened=\"0\" data-image-meta=\"{&quot;aperture&quot;:&quot;0&quot;,&quot;credit&quot;:&quot;&quot;,&quot;camera&quot;:&quot;&quot;,&quot;caption&quot;:&quot;&quot;,&quot;created_timestamp&quot;:&quot;0&quot;,&quot;copyright&quot;:&quot;&quot;,&quot;focal_length&quot;:&quot;0&quot;,&quot;iso&quot;:&quot;0&quot;,&quot;shutter_speed&quot;:&quot;0&quot;,&quot;title&quot;:&quot;&quot;,&quot;orientation&quot;:&quot;0&quot;}\" data-image-title=\"impr\" data-image-description=\"\" data-image-caption=\"\" data-large-file=\"https:\/\/i0.wp.com\/spanndecken-nrw.de\/de\/wp-content\/uploads\/2017\/01\/impr.png?fit=477%2C433&amp;ssl=1\" class=\"alignnone size-full wp-image-226\" src=\"https:\/\/i0.wp.com\/spanndecken-nrw.de\/de\/wp-content\/uploads\/2017\/01\/impr.png?resize=477%2C433&#038;ssl=1\" alt=\"\" width=\"477\" height=\"433\" srcset=\"https:\/\/i0.wp.com\/spanndecken-nrw.de\/de\/wp-content\/uploads\/2017\/01\/impr.png?w=477&amp;ssl=1 477w, https:\/\/i0.wp.com\/spanndecken-nrw.de\/de\/wp-content\/uploads\/2017\/01\/impr.png?resize=300%2C272&amp;ssl=1 300w\" sizes=\"auto, (max-width: 477px) 100vw, 477px\" \/><\/p>\n<p>&nbsp;<\/p>\n<h2><strong>Datenschutzerkl\u00e4rung<\/strong><\/h2>\n<p>Herzlich Willkommen auf unserer Webseite!<br \/>\nWir legen gr\u00f6\u00dften Wert auf den Schutz Ihrer Daten und die Wahrung Ihrer Privatsph\u00e4re. Nachstehend informieren wir Sie deshalb \u00fcber die Erhebung und Verwendung pers\u00f6nlicher Daten bei Nutzung unserer Webseite.<br \/>\n<strong><br \/>\nAnonyme Datenerhebung<\/strong><br \/>\nSie k\u00f6nnen unsere Webseiten besuchen, ohne Angaben zu Ihrer Person zu machen. Wir speichern in diesem Zusammenhang keinerlei pers\u00f6nliche Daten. Um unser Angebot zu verbessern, werten wir lediglich statistische Daten aus, die keinen R\u00fcckschluss auf Ihre Person erlauben.<\/p>\n<p><strong>Erhebung und Verarbeitung bei Nutzung des Kontaktformulars<\/strong><br \/>\nBei Nutzung des Kontaktformulars erheben wir personenbezogene Daten (Einzelangaben \u00fcber pers\u00f6nliche oder sachliche Verh\u00e4ltnisse einer bestimmten oder bestimmbaren nat\u00fcrlichen Person) nur in dem von Ihnen zur Verf\u00fcgung gestellten Umfang. Ihre E-Mail-Adresse nutzen wir nur zur Bearbeitung Ihrer Anfrage. Ihre Daten werden anschlie\u00dfend gel\u00f6scht, sofern Sie der weitergehenden Verarbeitung und Nutzung nicht zugestimmt haben.<\/p>\n<p><strong>Erhebung, Verarbeitung und Nutzung personenbezogener Daten<\/strong><br \/>\nWir erheben personenbezogene Daten (Einzelangaben \u00fcber pers\u00f6nliche oder sachliche Verh\u00e4ltnisse einer bestimmten oder bestimmbaren nat\u00fcrlichen Person) nur in dem von Ihnen zur Verf\u00fcgung gestellten Umfang. Die Verarbeitung und Nutzung Ihrer personenbezogenen Daten erfolgt zur Erf\u00fcllung und Abwicklung Ihrer Bestellung sowie zur Bearbeitung Ihrer Anfragen. Nach vollst\u00e4ndiger Vertragsabwicklung werden alle personenbezogenen Daten zun\u00e4chst unter Ber\u00fccksichtigung steuer- und handelsrechtlicher Aufbewahrungsfristen gespeichert und dann nach Fristablauf gel\u00f6scht, sofern Sie der weitergehenden Verarbeitung und Nutzung nicht zugestimmt haben.<\/p>\n<p><strong>Weitergabe personenbezogener Daten<\/strong><br \/>\nEine Weitergabe Ihrer Daten an Dritte ohne Ihre ausdr\u00fcckliche Einwilligung erfolgt nicht. Ausgenommen hiervon sind lediglich unsere Dienstleistungspartner, die wir zur Abwicklung des Vertragsverh\u00e4ltnisses ben\u00f6tigen. In diesen F\u00e4llen beachten wir strikt die Vorgaben des Bundesdatenschutzgesetzes. Der Umfang der Daten\u00fcbermittlung beschr\u00e4nkt sich auf ein Mindestma\u00df.<\/p>\n<p><strong>Cookies<\/strong><br \/>\nUnsere Internetseiten verwenden an mehreren Stellen so genannte Cookies. Cookies sind kleine Textdateien, die auf Ihrem Rechner abgelegt werden und die Ihr Browser speichert. Sie dienen dazu, unser Angebot nutzerfreundlicher, effektiver und sicherer zu machen. Des Weiteren erm\u00f6glichen Cookies unseren Systemen, Ihren Browser zu erkennen und Ihnen Services anzubieten. Cookies enthalten keine personenbezogenen Daten.<br \/>\n<strong><br \/>\nNutzung von Google Analytics<\/strong><br \/>\nDiese Website benutzt Google Analytics, einen Webanalysedienst der Google Inc. (\u201eGoogle\u201c). Google Analytics verwendet sog. \u201eCookies\u201c, Textdateien, die auf Ihrem Computer gespeichert werden und die eine Analyse der Benutzung der Website durch Sie erm\u00f6glichen. Die durch den Cookie erzeugten Informationen \u00fcber Ihre Benutzung dieser Website werden in der Regel an einen Server von Google in den USA \u00fcbertragen und dort<br \/>\ngespeichert. Im Falle der Aktivierung der IP-Anonymisierung auf dieser Webseite, wird Ihre IP-Adresse von Google jedoch innerhalb von Mitgliedstaaten der Europ\u00e4ischen Union oder in anderen Vertragsstaaten des Abkommens \u00fcber den Europ\u00e4ischen Wirtschaftsraum zuvor gek\u00fcrzt. Nur in Ausnahmef\u00e4llen wird die volle IP-Adresse an einen Server von Google in den USA \u00fcbertragen und dort gek\u00fcrzt. Im Auftrag des Betreibers dieser Website wird Google diese Informationen benutzen, um Ihre Nutzung der Website auszuwerten, um Reports \u00fcber die Websiteaktivit\u00e4ten zusammenzustellen und um weitere mit der Websitenutzung und der Internetnutzung verbundene Dienstleistungen gegen\u00fcber dem Websitebetreiber zu erbringen. Die im Rahmen von Google Analytics von Ihrem Browser \u00fcbermittelte IP-Adresse wird nicht mit anderen Daten von Google zusammengef\u00fchrt. Sie k\u00f6nnen die Speicherung der Cookies durch eine entsprechende Einstellung Ihrer Browser-Software verhindern; wir weisen Sie jedoch darauf hin, dass Sie in diesem Fall gegebenenfalls nicht s\u00e4mtliche Funktionen dieser Website vollumf\u00e4nglich werden nutzen k\u00f6nnen. Sie k\u00f6nnen dar\u00fcber hinaus die Erfassung der durch das Cookie erzeugten und auf Ihre Nutzung der Website bezogenen Daten (inkl. Ihrer<br \/>\nIP-Adresse) an Google sowie die Verarbeitung dieser Daten durch Google verhindern, indem sie das unter dem folgenden Link verf\u00fcgbare Browser-Plugin herunterladen und installieren [http:\/\/tools.google.com\/dlpage\/gaoptout?hl=de].<\/p>\n<p><strong>Auskunft, Berichtigung, Sperrung und L\u00f6schung von Daten<\/strong><br \/>\nSie haben jederzeit das Recht auf unentgeltliche Auskunft \u00fcber Ihre gespeicherten Daten sowie das Recht auf Berichtigung, L\u00f6schung bzw. Sperrung. Kontaktieren Sie uns auf Wunsch.<\/p>\n<h2>Haftungsausschluss<\/h2>\n<p><strong>1. Inhalt des Onlineangebotes<\/strong><br \/>\nDer Autor \u00fcbernimmt keinerlei Gew\u00e4hr f\u00fcr die Aktualit\u00e4t, Korrektheit, Vollst\u00e4ndigkeit oder Qualit\u00e4t der bereitgestellten Informationen. Haftungsanspr\u00fcche gegen den Autor, welche sich auf Sch\u00e4den materieller oder ideeller Art beziehen, die durch die Nutzung oder Nichtnutzung der dargebotenen Informationen bzw. durch die Nutzung fehlerhafter und unvollst\u00e4ndiger Informationen verursacht wurden, sind grunds\u00e4tzlich ausgeschlossen, sofern seitens des Autors kein nachweislich vors\u00e4tzliches oder grob fahrl\u00e4ssiges Verschulden vorliegt. Alle Angebote sind freibleibend und unverbindlich. Der Autor beh\u00e4lt es sich ausdr\u00fccklich vor, Teile der Seiten oder das gesamte Angebot ohne gesonderte Ank\u00fcndigung zu ver\u00e4ndern, zu erg\u00e4nzen, zu l\u00f6schen oder die Ver\u00f6ffentlichung zeitweise oder endg\u00fcltig einzustellen.<\/p>\n<p><strong>2. Verweise und Links<\/strong><br \/>\nBei direkten oder indirekten Verweisen auf fremde Webseiten (\u201eHyperlinks\u201c), die au\u00dferhalb des Verantwortungsbereiches des Autors liegen, w\u00fcrde eine Haftungsverpflichtung ausschlie\u00dflich in dem Fall in Kraft treten, in dem der Autor von den Inhalten Kenntnis hat und es ihm technisch m\u00f6glich und zumutbar w\u00e4re, die Nutzung im Falle rechtswidriger Inhalte zu verhindern. Der Autor erkl\u00e4rt hiermit ausdr\u00fccklich, dass zum Zeitpunkt der Linksetzung keine illegalen Inhalte auf den zu verlinkenden Seiten erkennbar waren. Auf die aktuelle und zuk\u00fcnftige Gestaltung, die Inhalte oder die Urheberschaft der gelinkten\/verkn\u00fcpften Seiten hat der Autor keinerlei Einfluss. Deshalb distanziert er sich hiermit ausdr\u00fccklich von allen Inhalten aller gelinkten \/verkn\u00fcpften Seiten, die nach der Linksetzung ver\u00e4ndert wurden. Diese Feststellung gilt f\u00fcr alle innerhalb des eigenen Internetangebotes gesetzten Links und Verweise sowie f\u00fcr Fremdeintr\u00e4ge in vom Autor eingerichteten G\u00e4steb\u00fcchern, Diskussionsforen und Mailinglisten. F\u00fcr illegale, fehlerhafte oder unvollst\u00e4ndige Inhalte und insbesondere f\u00fcr Sch\u00e4den, die aus der Nutzung oder Nichtnutzung solcherart dargebotener Informationen entstehen, haftet allein der Anbieter der Seite, auf welche verwiesen wurde, nicht derjenige, der \u00fcber Links auf die jeweilige Ver\u00f6ffentlichung lediglich verweist.<\/p>\n<p><strong>3. Urheber- und Kennzeichenrecht<\/strong><br \/>\nDer Autor ist bestrebt, in allen Publikationen die Urheberrechte der verwendeten Grafiken, Tondokumente, Videosequenzen und Texte zu beachten, von ihm selbst erstellte Grafiken, Tondokumente, Videosequenzen und Texte zu nutzen oder auf lizenzfreie Grafiken, Tondokumente, Videosequenzen und Texte zur\u00fcckzugreifen. Alle innerhalb des Internetangebotes genannten und ggf. durch Dritte gesch\u00fctzten Marken- und Warenzeichen unterliegen uneingeschr\u00e4nkt den Bestimmungen des jeweils g\u00fcltigen Kennzeichenrechts und den Besitzrechten der jeweiligen eingetragenen Eigent\u00fcmer. Allein aufgrund der blo\u00dfen Nennung ist nicht der Schluss zu ziehen, dass Markenzeichen nicht durch Rechte Dritter gesch\u00fctzt sind! Das Copyright f\u00fcr ver\u00f6ffentlichte, vom Autor selbst erstellte Objekte bleibt allein beim Autor der Seiten. Eine Vervielf\u00e4ltigung oder Verwendung solcher Grafiken, Tondokumente, Videosequenzen und Texte in anderen elektronischen oder gedruckten Publikationen ist ohne ausdr\u00fcckliche Zustimmung des Autors nicht gestattet.<\/p>\n<p><strong>4. Datenschutz<\/strong><br \/>\nSofern innerhalb des Internetangebotes die M\u00f6glichkeit zur Eingabe pers\u00f6nlicher oder gesch\u00e4ftlicher Daten (Emailadressen, Namen, Anschriften) besteht, so erfolgt die Preisgabe dieser Daten seitens des Nutzers auf ausdr\u00fccklich freiwilliger Basis. Die Inanspruchnahme aller angebotenen Dienste ist \u2013 soweit technisch m\u00f6glich und zumutbar \u2013 auch ohne Angabe solcher Daten bzw. unter Angabe anonymisierter Daten oder eines Pseudonyms gestattet. Die Nutzung der im Rahmen des Impressums oder vergleichbarer Angaben ver\u00f6ffentlichten Kontaktdaten wie Postanschriften, Telefon- und Faxnummern sowie Emailadressen durch Dritte zur \u00dcbersendung von nicht ausdr\u00fccklich angeforderten Informationen ist nicht gestattet. Rechtliche Schritte gegen die Versender von sogenannten Spam-Mails bei Verst\u00f6ssen gegen dieses Verbot sind ausdr\u00fccklich vorbehalten.<\/p>\n<p><strong>5. Rechtswirksamkeit dieses Haftungsausschlusses<\/strong><br \/>\nDieser Haftungsausschluss ist als Teil des Internetangebotes zu betrachten, von dem aus auf diese Seite verwiesen wurde. Sofern Teile oder einzelne Formulierungen dieses Textes der geltenden Rechtslage nicht, nicht mehr oder nicht vollst\u00e4ndig entsprechen sollten, bleiben die \u00fcbrigen Teile des Dokumentes in ihrem Inhalt und ihrer G\u00fcltigkeit davon unber\u00fchrt.<\/p>\n<p><strong>Hinweis zu Google Analytics<\/strong><br \/>\n\u201eDiese Website benutzt Google Analytics, einen Webanalysedienst der Google Inc. (\u201eGoogle\u201c). Google Analytics verwendet sog. \u201eCookies\u201c, Textdateien, die auf Ihrem Computer gespeichert werden und die eine Analyse der Benutzung der Website durch Sie erm\u00f6glichen. Die durch den Cookie erzeugten Informationen \u00fcber Ihre Benutzung dieser Website (einschlie\u00dflich Ihrer IP-Adresse) wird an einen Server von Google in den USA \u00fcbertragen und dort gespeichert. Google wird diese Informationen benutzen, um Ihre Nutzung der Website auszuwerten, um Reports \u00fcber die Websiteaktivit\u00e4ten f\u00fcr die Websitebetreiber zusammenzustellen und um weitere mit der Websitenutzung und der Internetnutzung verbundene Dienstleistungen zu erbringen. Auch wird Google diese Informationen gegebenenfalls an Dritte \u00fcbertragen, sofern dies gesetzlich vorgeschrieben oder soweit Dritte diese Daten im Auftrag von Google verarbeiten. Google wird in keinem Fall Ihre IP-Adresse mit anderen Daten von Google in Verbindung bringen. Sie k\u00f6nnen die Installation der Cookies durch eine entsprechende Einstellung Ihrer Browser Software verhindern; wir weisen Sie jedoch darauf hin, dass Sie in diesem Fall gegebenenfalls nicht s\u00e4mtliche Funktionen dieser Website vollumf\u00e4nglich nutzen k\u00f6nnen. Durch die Nutzung dieser Website erkl\u00e4ren Sie sich mit der Bearbeitung der \u00fcber Sie erhobenen Daten durch Google in der zuvor beschriebenen Art und Weise und zu dem zuvor benannten Zweck einverstanden.\u201c Soweit Google Adsense, einen Webanzeigendienst der Google Inc., USA (\u201eGoogle\u201c), auf dieser Website Werbung (Textanzeigen, Banner etc.) schaltet, speichert Ihr Browser eventuell ein von Google Inc. oder Dritten gesendetes Cookie. Die in dem Cookie gespeicherten Informationen k\u00f6nnen durch Google Inc. oder auch Dritte aufgezeichnet, gesammelt und ausgewertet werden. Dar\u00fcber hinaus verwendet Google Adsense zur Sammlung von Informationen auch sog. \u201eWebBacons\u201c (kleine unsichtbare Grafiken), durch deren Verwendung einfache Aktionen wie der Besucherverkehr auf der Webseite aufgezeichnet, gesammelt und ausgewertet werden k\u00f6nnen. Die durch den Cookie und\/oder Web Bacon erzeugten Informationen \u00fcber Ihre Nutzung dieser Website werden an einen Server von Google in den USA \u00fcbertragen und dort gespeichert. Google benutzt die so erhaltenen Informationen, um eine Auswertung Ihres Nutzungsverhaltens im Hinblick auf die AdSense-Anzeigen durchzuf\u00fchren. Google wird diese Informationen gegebenenfalls auch an Dritte \u00fcbertragen, sofern dies gesetzlich vorgeschrieben ist oder soweit Dritte diese Daten im Auftrag von Google verarbeiten. Ihre IP-Adresse wird von Google nicht mit anderen von Google gespeicherten Daten in Verbindung gebracht. Sie k\u00f6nnen das Speichern von Cookies auf Ihrer Festplatte und die Anzeige von Web Bacons verhindern. Dazu m\u00fcssen Sie in Ihren Browser-Einstellungen \u201ekeine Cookies akzeptieren\u201c w\u00e4hlen (Im Internet-Explorer unter \u201eExtras \/ Internetoptionen \/ Datenschutz \/ Einstellung\u201c, bei Firefox unter \u201eExtras \/ Einstellungen \/ Datenschutz \/ Cookies\u201c).<\/p>\n<p><strong>Bildrechte:<\/strong><br \/>\nAlle Aufnahmen zeigen eigene Projekte von spanndecken-nrw.de.<\/p>\n<p><strong>Gestaltung:<\/strong><br \/>\n<a href=\"http:\/\/netschmied.de\/\" target=\"_blank\">netschmied webdesign\u00ae<\/p>\n<p><\/a><\/p>\n","protected":false},"excerpt":{"rendered":"<p> <span class=\"readmore\"><a href=\"https:\/\/spanndecken-nrw.de\/de\/impressum\/\">Mehr erfahren &#8230;<\/a><\/span><\/p>\n","protected":false},"author":1,"featured_media":0,"parent":0,"menu_order":0,"comment_status":"closed","ping_status":"closed","template":"","meta":{"footnotes":""},"class_list":["post-190","page","type-page","status-publish","hentry"],"jetpack_sharing_enabled":true,"jetpack_shortlink":"https:\/\/wp.me\/P7UNjM-34","jetpack-related-posts":[{"id":473,"url":"https:\/\/spanndecken-nrw.de\/de\/datenschutz\/","url_meta":{"origin":190,"position":0},"title":"Datenschutz","author":"netschmied-webmaster","date":"24. Mai 2018","format":false,"excerpt":"Datenschutzerkl\u00e4rung Herzlich Willkommen auf unserer Webseite! Wir legen gr\u00f6\u00dften Wert auf den Schutz Ihrer Daten und die Wahrung Ihrer Privatsph\u00e4re. Nachstehend informieren wir Sie deshalb \u00fcber die Erhebung und Verwendung pers\u00f6nlicher Daten bei Nutzung unserer Webseite. Anonyme Datenerhebung Sie k\u00f6nnen unsere Webseiten besuchen, ohne Angaben zu Ihrer Person zu machen.\u2026","rel":"","context":"\u00c4hnlicher Beitrag","block_context":{"text":"\u00c4hnlicher Beitrag","link":""},"img":{"alt_text":"","src":"","width":0,"height":0},"classes":[]},{"id":93,"url":"https:\/\/spanndecken-nrw.de\/de\/spanndecken\/haeufige-fragen\/","url_meta":{"origin":190,"position":1},"title":"H\u00e4ufige Fragen","author":"netschmied-webmaster","date":"27. September 2016","format":false,"excerpt":"Allgemeine Fragen: Frage: Ist eine Spanndecke wasserdicht? Antwort: Ja, eine Spanndecke ist wasserdicht und kann sogar dabei helfen, bei einen Rohrbruch oberhalb der Spanndecke, den Schaden unterhalb der Spanndecke zu vermeiden. Wir hatten einen solchen Fall, in dem eine Spanndecke einen Wasserschaden, der in einem h\u00f6her gelegenen Stockwerk auftrat, im\u2026","rel":"","context":"\u00c4hnlicher Beitrag","block_context":{"text":"\u00c4hnlicher Beitrag","link":""},"img":{"alt_text":"","src":"https:\/\/i0.wp.com\/spanndecken-nrw.de\/de\/wp-content\/uploads\/2016\/09\/IMG_0611_2.jpg?fit=1200%2C514&ssl=1&resize=350%2C200","width":350,"height":200,"srcset":"https:\/\/i0.wp.com\/spanndecken-nrw.de\/de\/wp-content\/uploads\/2016\/09\/IMG_0611_2.jpg?fit=1200%2C514&ssl=1&resize=350%2C200 1x, https:\/\/i0.wp.com\/spanndecken-nrw.de\/de\/wp-content\/uploads\/2016\/09\/IMG_0611_2.jpg?fit=1200%2C514&ssl=1&resize=525%2C300 1.5x, https:\/\/i0.wp.com\/spanndecken-nrw.de\/de\/wp-content\/uploads\/2016\/09\/IMG_0611_2.jpg?fit=1200%2C514&ssl=1&resize=700%2C400 2x, https:\/\/i0.wp.com\/spanndecken-nrw.de\/de\/wp-content\/uploads\/2016\/09\/IMG_0611_2.jpg?fit=1200%2C514&ssl=1&resize=1050%2C600 3x"},"classes":[]},{"id":8,"url":"https:\/\/spanndecken-nrw.de\/de\/spanndecken\/","url_meta":{"origin":190,"position":2},"title":"Spanndecken","author":"netschmied-webmaster","date":"16. September 2016","format":false,"excerpt":"Bei der Renovierung von Wohnr\u00e4umen stellt sich immer wieder die Frage: Was kann man mit der Zimmerdecke machen? Eine formsch\u00f6ne Alternative zum Streichen oder Herausrei\u00dfen der alten Decke bietet eine Spanndecke. Dieses Deckensystem wird unterhalb der urspr\u00fcnglichen Raumdecke angebracht. Das m\u00fchsame und oftmals staubige Herausrei\u00dfen der alten Decke sowie das\u2026","rel":"","context":"\u00c4hnlicher Beitrag","block_context":{"text":"\u00c4hnlicher Beitrag","link":""},"img":{"alt_text":"","src":"https:\/\/i0.wp.com\/spanndecken-nrw.de\/de\/wp-content\/uploads\/2016\/09\/IMG_0611_1.jpg?fit=1200%2C514&ssl=1&resize=350%2C200","width":350,"height":200,"srcset":"https:\/\/i0.wp.com\/spanndecken-nrw.de\/de\/wp-content\/uploads\/2016\/09\/IMG_0611_1.jpg?fit=1200%2C514&ssl=1&resize=350%2C200 1x, https:\/\/i0.wp.com\/spanndecken-nrw.de\/de\/wp-content\/uploads\/2016\/09\/IMG_0611_1.jpg?fit=1200%2C514&ssl=1&resize=525%2C300 1.5x, https:\/\/i0.wp.com\/spanndecken-nrw.de\/de\/wp-content\/uploads\/2016\/09\/IMG_0611_1.jpg?fit=1200%2C514&ssl=1&resize=700%2C400 2x, https:\/\/i0.wp.com\/spanndecken-nrw.de\/de\/wp-content\/uploads\/2016\/09\/IMG_0611_1.jpg?fit=1200%2C514&ssl=1&resize=1050%2C600 3x"},"classes":[]},{"id":6,"url":"https:\/\/spanndecken-nrw.de\/de\/","url_meta":{"origin":190,"position":3},"title":"Spanndecken f\u00fcr mehr Wohnlichkeit","author":"netschmied-webmaster","date":"16. September 2016","format":false,"excerpt":"Eine Spanndecke ist eine formsch\u00f6ne Alternative zum Streichen oder Herausrei\u00dfen der alten Decke. Dieses Deckensystem kann je nach Raumh\u00f6he unterhalb der vorhandenen Raumdecke angebracht werden. Dadurch entf\u00e4llt die m\u00fchsame und oftmals staubige Demontage. Unabh\u00e4ngig von der Form des jeweiligen Raumes konzipieren wir nach Ihren W\u00fcnschen die passende Deckenl\u00f6sung. Individuell f\u00fcr\u2026","rel":"","context":"\u00c4hnlicher Beitrag","block_context":{"text":"\u00c4hnlicher Beitrag","link":""},"img":{"alt_text":"","src":"","width":0,"height":0},"classes":[]},{"id":111,"url":"https:\/\/spanndecken-nrw.de\/de\/technik\/beleuchtung\/","url_meta":{"origin":190,"position":4},"title":"Beleuchtung","author":"netschmied-webmaster","date":"27. September 2016","format":false,"excerpt":"Lampen und Spanndecken Spanndecken bieten eine unglaubliche Vielzahl an Beleuchtungsm\u00f6glichkeiten. Nat\u00fcrlich kann die bestehende Beleuchtung nahtlos in die Spanndecke integriert werden, egal ob Kronleuchter, Deckenlampe oder abgeh\u00e4ngte B\u00fcroleuchten. Um dem Raum ein besonderes Flair zu geben, empfehlen wir unseren Kunden z.B. Swarovski Crystal Downlights & Spots. Durch die lichtbrechenden Swarovski\u2026","rel":"","context":"\u00c4hnlicher Beitrag","block_context":{"text":"\u00c4hnlicher Beitrag","link":""},"img":{"alt_text":"","src":"https:\/\/i0.wp.com\/spanndecken-nrw.de\/de\/wp-content\/uploads\/2016\/09\/headbel.jpg?fit=1200%2C182&ssl=1&resize=350%2C200","width":350,"height":200,"srcset":"https:\/\/i0.wp.com\/spanndecken-nrw.de\/de\/wp-content\/uploads\/2016\/09\/headbel.jpg?fit=1200%2C182&ssl=1&resize=350%2C200 1x, https:\/\/i0.wp.com\/spanndecken-nrw.de\/de\/wp-content\/uploads\/2016\/09\/headbel.jpg?fit=1200%2C182&ssl=1&resize=525%2C300 1.5x, https:\/\/i0.wp.com\/spanndecken-nrw.de\/de\/wp-content\/uploads\/2016\/09\/headbel.jpg?fit=1200%2C182&ssl=1&resize=700%2C400 2x, https:\/\/i0.wp.com\/spanndecken-nrw.de\/de\/wp-content\/uploads\/2016\/09\/headbel.jpg?fit=1200%2C182&ssl=1&resize=1050%2C600 3x"},"classes":[]},{"id":10,"url":"https:\/\/spanndecken-nrw.de\/de\/lichtdecken\/","url_meta":{"origin":190,"position":5},"title":"Lichtdecken","author":"netschmied-webmaster","date":"16. September 2016","format":false,"excerpt":"Lichtdecken - denn eine gro\u00dfz\u00fcgige Ausleuchtung ist wichtig \u2026 Warum spielen und arbeiten Sie nicht mit allen M\u00f6glichkeiten. Auch hier k\u00f6nnen Sie Form und Farbe einsetzen. Im Gegensatz zu herk\u00f6mmlichen Produkten aus Glas oder Kunststoff bestechen die Lichtdecken aus gespannter Folie durch ihre Leichtigkeit und ihren Variationsm\u00f6glichkeiten. Ob als Komplett-\u2026","rel":"","context":"\u00c4hnlicher Beitrag","block_context":{"text":"\u00c4hnlicher Beitrag","link":""},"img":{"alt_text":"","src":"https:\/\/i0.wp.com\/spanndecken-nrw.de\/de\/wp-content\/uploads\/2016\/09\/IMG_0611_6.jpg?fit=1200%2C514&ssl=1&resize=350%2C200","width":350,"height":200,"srcset":"https:\/\/i0.wp.com\/spanndecken-nrw.de\/de\/wp-content\/uploads\/2016\/09\/IMG_0611_6.jpg?fit=1200%2C514&ssl=1&resize=350%2C200 1x, https:\/\/i0.wp.com\/spanndecken-nrw.de\/de\/wp-content\/uploads\/2016\/09\/IMG_0611_6.jpg?fit=1200%2C514&ssl=1&resize=525%2C300 1.5x, https:\/\/i0.wp.com\/spanndecken-nrw.de\/de\/wp-content\/uploads\/2016\/09\/IMG_0611_6.jpg?fit=1200%2C514&ssl=1&resize=700%2C400 2x, https:\/\/i0.wp.com\/spanndecken-nrw.de\/de\/wp-content\/uploads\/2016\/09\/IMG_0611_6.jpg?fit=1200%2C514&ssl=1&resize=1050%2C600 3x"},"classes":[]}],"_links":{"self":[{"href":"https:\/\/spanndecken-nrw.de\/de\/wp-json\/wp\/v2\/pages\/190","targetHints":{"allow":["GET"]}}],"collection":[{"href":"https:\/\/spanndecken-nrw.de\/de\/wp-json\/wp\/v2\/pages"}],"about":[{"href":"https:\/\/spanndecken-nrw.de\/de\/wp-json\/wp\/v2\/types\/page"}],"author":[{"embeddable":true,"href":"https:\/\/spanndecken-nrw.de\/de\/wp-json\/wp\/v2\/users\/1"}],"replies":[{"embeddable":true,"href":"https:\/\/spanndecken-nrw.de\/de\/wp-json\/wp\/v2\/comments?post=190"}],"version-history":[{"count":6,"href":"https:\/\/spanndecken-nrw.de\/de\/wp-json\/wp\/v2\/pages\/190\/revisions"}],"predecessor-version":[{"id":462,"href":"https:\/\/spanndecken-nrw.de\/de\/wp-json\/wp\/v2\/pages\/190\/revisions\/462"}],"wp:attachment":[{"href":"https:\/\/spanndecken-nrw.de\/de\/wp-json\/wp\/v2\/media?parent=190"}],"curies":[{"name":"wp","href":"https:\/\/api.w.org\/{rel}","templated":true}]}}