{"id":176,"date":"2016-10-10T11:00:22","date_gmt":"2016-10-10T09:00:22","guid":{"rendered":"http:\/\/spanndecken-nrw.de\/de\/?page_id=176"},"modified":"2017-02-01T23:22:23","modified_gmt":"2017-02-01T22:22:23","slug":"formen-und-farben","status":"publish","type":"page","link":"https:\/\/spanndecken-nrw.de\/de\/formen-und-farben\/","title":{"rendered":"Formen und Farben"},"content":{"rendered":"<p>Spanndecken gibt es in \u00fcber 100 Farben. Die Oberfl\u00e4che kann dabei spiegelnd, matt oder auch mit Strukturen (z.B. Marmoreffekt) sein. Spanndecken k\u00f6nnen in jeder erdenklichen Form montiert werden (Dachschr\u00e4gen \/ besondere Grundrisse usw \u2026). Die Spanndecke kann in jede Art von R\u00e4umen integriert werden (Wohnr\u00e4ume, Gewerbe, B\u00fcro, Gastronomie etc.) und harmoniert perfekt sowohl mit der Beleuchtung als auch der gesamtem Wand- und Raumgestaltung.<\/p>\n<p><strong>Beispiele f\u00fcr matte Spanndecken Farben:<\/strong><\/p>\n<p><img data-recalc-dims=\"1\" loading=\"lazy\" decoding=\"async\" data-attachment-id=\"211\" data-permalink=\"https:\/\/spanndecken-nrw.de\/de\/formen-und-farben\/cfm1-kopie\/\" data-orig-file=\"https:\/\/i0.wp.com\/spanndecken-nrw.de\/de\/wp-content\/uploads\/2016\/10\/cfm1-Kopie.jpg?fit=1086%2C638&amp;ssl=1\" data-orig-size=\"1086,638\" data-comments-opened=\"0\" data-image-meta=\"{&quot;aperture&quot;:&quot;0&quot;,&quot;credit&quot;:&quot;&quot;,&quot;camera&quot;:&quot;&quot;,&quot;caption&quot;:&quot;&quot;,&quot;created_timestamp&quot;:&quot;0&quot;,&quot;copyright&quot;:&quot;&quot;,&quot;focal_length&quot;:&quot;0&quot;,&quot;iso&quot;:&quot;0&quot;,&quot;shutter_speed&quot;:&quot;0&quot;,&quot;title&quot;:&quot;&quot;,&quot;orientation&quot;:&quot;0&quot;}\" data-image-title=\"cfm1-Kopie\" data-image-description=\"\" data-image-caption=\"\" data-large-file=\"https:\/\/i0.wp.com\/spanndecken-nrw.de\/de\/wp-content\/uploads\/2016\/10\/cfm1-Kopie.jpg?fit=840%2C494&amp;ssl=1\" class=\"alignnone size-full wp-image-211\" src=\"https:\/\/i0.wp.com\/spanndecken-nrw.de\/de\/wp-content\/uploads\/2016\/10\/cfm1-Kopie.jpg?resize=840%2C493&#038;ssl=1\" alt=\"\" width=\"840\" height=\"493\" srcset=\"https:\/\/i0.wp.com\/spanndecken-nrw.de\/de\/wp-content\/uploads\/2016\/10\/cfm1-Kopie.jpg?w=1086&amp;ssl=1 1086w, https:\/\/i0.wp.com\/spanndecken-nrw.de\/de\/wp-content\/uploads\/2016\/10\/cfm1-Kopie.jpg?resize=300%2C176&amp;ssl=1 300w, https:\/\/i0.wp.com\/spanndecken-nrw.de\/de\/wp-content\/uploads\/2016\/10\/cfm1-Kopie.jpg?resize=768%2C451&amp;ssl=1 768w, https:\/\/i0.wp.com\/spanndecken-nrw.de\/de\/wp-content\/uploads\/2016\/10\/cfm1-Kopie.jpg?resize=1024%2C602&amp;ssl=1 1024w\" sizes=\"auto, (max-width: 840px) 100vw, 840px\" \/><\/p>\n<p><strong>Beispiele f\u00fcr gl\u00e4nzende Spanndecken Farben<\/strong><\/p>\n<p><img data-recalc-dims=\"1\" loading=\"lazy\" decoding=\"async\" data-attachment-id=\"212\" data-permalink=\"https:\/\/spanndecken-nrw.de\/de\/formen-und-farben\/cfg1-kopie\/\" data-orig-file=\"https:\/\/i0.wp.com\/spanndecken-nrw.de\/de\/wp-content\/uploads\/2016\/10\/cfg1-Kopie.jpg?fit=1188%2C1242&amp;ssl=1\" data-orig-size=\"1188,1242\" data-comments-opened=\"0\" data-image-meta=\"{&quot;aperture&quot;:&quot;0&quot;,&quot;credit&quot;:&quot;&quot;,&quot;camera&quot;:&quot;&quot;,&quot;caption&quot;:&quot;&quot;,&quot;created_timestamp&quot;:&quot;0&quot;,&quot;copyright&quot;:&quot;&quot;,&quot;focal_length&quot;:&quot;0&quot;,&quot;iso&quot;:&quot;0&quot;,&quot;shutter_speed&quot;:&quot;0&quot;,&quot;title&quot;:&quot;&quot;,&quot;orientation&quot;:&quot;0&quot;}\" data-image-title=\"cfg1-Kopie\" data-image-description=\"\" data-image-caption=\"\" data-large-file=\"https:\/\/i0.wp.com\/spanndecken-nrw.de\/de\/wp-content\/uploads\/2016\/10\/cfg1-Kopie.jpg?fit=840%2C879&amp;ssl=1\" class=\"alignnone size-large wp-image-212\" src=\"https:\/\/i0.wp.com\/spanndecken-nrw.de\/de\/wp-content\/uploads\/2016\/10\/cfg1-Kopie.jpg?resize=840%2C879&#038;ssl=1\" alt=\"\" width=\"840\" height=\"879\" srcset=\"https:\/\/i0.wp.com\/spanndecken-nrw.de\/de\/wp-content\/uploads\/2016\/10\/cfg1-Kopie.jpg?resize=979%2C1024&amp;ssl=1 979w, https:\/\/i0.wp.com\/spanndecken-nrw.de\/de\/wp-content\/uploads\/2016\/10\/cfg1-Kopie.jpg?resize=287%2C300&amp;ssl=1 287w, https:\/\/i0.wp.com\/spanndecken-nrw.de\/de\/wp-content\/uploads\/2016\/10\/cfg1-Kopie.jpg?resize=768%2C803&amp;ssl=1 768w, https:\/\/i0.wp.com\/spanndecken-nrw.de\/de\/wp-content\/uploads\/2016\/10\/cfg1-Kopie.jpg?w=1188&amp;ssl=1 1188w\" sizes=\"auto, (max-width: 840px) 100vw, 840px\" \/><\/p>\n<p>&nbsp;<\/p>\n<h3>Neugierig geworden? W\u00fcnschen Sie weitere Informationen? F\u00fcllen Sie bitte unser Infoformular aus und wir melden uns bei Ihnen.<\/h3>\n<p>&nbsp;<\/p>\n\n<div class=\"wpcf7 no-js\" id=\"wpcf7-f5-o1\" lang=\"de-DE\" dir=\"ltr\" data-wpcf7-id=\"5\">\n<div class=\"screen-reader-response\"><p role=\"status\" aria-live=\"polite\" aria-atomic=\"true\"><\/p> <ul><\/ul><\/div>\n<form action=\"\/de\/wp-json\/wp\/v2\/pages\/176#wpcf7-f5-o1\" method=\"post\" class=\"wpcf7-form init\" aria-label=\"Kontaktformular\" novalidate=\"novalidate\" data-status=\"init\">\n<fieldset class=\"hidden-fields-container\"><input type=\"hidden\" name=\"_wpcf7\" value=\"5\" \/><input type=\"hidden\" name=\"_wpcf7_version\" value=\"6.1.5\" \/><input type=\"hidden\" name=\"_wpcf7_locale\" value=\"de_DE\" \/><input type=\"hidden\" name=\"_wpcf7_unit_tag\" value=\"wpcf7-f5-o1\" \/><input type=\"hidden\" name=\"_wpcf7_container_post\" value=\"0\" \/><input type=\"hidden\" name=\"_wpcf7_posted_data_hash\" value=\"\" \/>\n<\/fieldset>\n<p><label> Ihr Name (Pflichtfeld)<br \/>\n<span class=\"wpcf7-form-control-wrap\" data-name=\"your-name\"><input size=\"40\" maxlength=\"400\" class=\"wpcf7-form-control wpcf7-text wpcf7-validates-as-required\" aria-required=\"true\" aria-invalid=\"false\" value=\"\" type=\"text\" name=\"your-name\" \/><\/span> <\/label>\n<\/p>\n<p><label> Ihre E-Mail-Adresse (Pflichtfeld)<br \/>\n<span class=\"wpcf7-form-control-wrap\" data-name=\"your-email\"><input size=\"40\" maxlength=\"400\" class=\"wpcf7-form-control wpcf7-email wpcf7-validates-as-required wpcf7-text wpcf7-validates-as-email\" aria-required=\"true\" aria-invalid=\"false\" value=\"\" type=\"email\" name=\"your-email\" \/><\/span> <\/label>\n<\/p>\n<p><label> Ihre Anschrift (Pflichtfeld)<br \/>\n<span class=\"wpcf7-form-control-wrap\" data-name=\"text-168\"><input size=\"40\" maxlength=\"400\" class=\"wpcf7-form-control wpcf7-text wpcf7-validates-as-required\" aria-required=\"true\" aria-invalid=\"false\" value=\"\" type=\"text\" name=\"text-168\" \/><\/span><\/label>\n<\/p>\n<p><label> Ihre Telefon Nr.<br \/>\n<span class=\"wpcf7-form-control-wrap\" data-name=\"text-208\"><input size=\"40\" maxlength=\"400\" class=\"wpcf7-form-control wpcf7-text\" aria-invalid=\"false\" value=\"\" type=\"text\" name=\"text-208\" \/><\/span><\/label>\n<\/p>\n<p><label> Betreff<br \/>\n<span class=\"wpcf7-form-control-wrap\" data-name=\"your-subject\"><input size=\"40\" maxlength=\"400\" class=\"wpcf7-form-control wpcf7-text\" aria-invalid=\"false\" value=\"\" type=\"text\" name=\"your-subject\" \/><\/span> <\/label>\n<\/p>\n<p><label> Ihre Nachricht<br \/>\n<span class=\"wpcf7-form-control-wrap\" data-name=\"your-message\"><textarea cols=\"40\" rows=\"10\" maxlength=\"2000\" class=\"wpcf7-form-control wpcf7-textarea\" aria-invalid=\"false\" name=\"your-message\"><\/textarea><\/span> <\/label>\n<\/p>\n<p><span class=\"wpcf7-form-control-wrap\" data-name=\"acceptance-862\"><span class=\"wpcf7-form-control wpcf7-acceptance\"><span class=\"wpcf7-list-item\"><label><input type=\"checkbox\" name=\"acceptance-862\" value=\"1\" aria-invalid=\"false\" \/><span class=\"wpcf7-list-item-label\">Ich best\u00e4tige, dass ich die auf dieser Website hinterlegte Datenschutzerkl\u00e4rung gelesen habe und diese akzeptiere. Ich willige in die Verarbeitung und Speicherung meiner personenbezogenen Daten gem\u00e4\u00df der auf dieser Website hinterlegter Datenschutzerkl\u00e4rung zu folgenden Zwecken ein: - Bearbeitung meiner aktuellen Anfrage - Kontaktaufnahme mittels Telefon, Mail oder Brief im Zusammenhang auch mit zuk\u00fcnftigen Angeboten und\/oder Informationen. Diese Einwilligung erfolgt freiwillig und kann jederzeit widerrufen werden. Hierzu k\u00f6nnen die nebenstehenden Kontaktdaten genutzt werden.<\/span><\/label><\/span><\/span><\/span>\n<\/p>\n<p><input class=\"wpcf7-form-control wpcf7-submit has-spinner\" type=\"submit\" value=\"Senden\" \/>\n<\/p><div class=\"wpcf7-response-output\" aria-hidden=\"true\"><\/div>\n<\/form>\n<\/div>\n\n<p>&nbsp;<\/p>\n<p>&nbsp;<\/p>\n","protected":false},"excerpt":{"rendered":"<p> <span class=\"readmore\"><a href=\"https:\/\/spanndecken-nrw.de\/de\/formen-und-farben\/\">Mehr erfahren &#8230;<\/a><\/span><\/p>\n","protected":false},"author":1,"featured_media":0,"parent":0,"menu_order":0,"comment_status":"closed","ping_status":"closed","template":"","meta":{"footnotes":""},"class_list":["post-176","page","type-page","status-publish","hentry"],"jetpack_sharing_enabled":true,"jetpack_shortlink":"https:\/\/wp.me\/P7UNjM-2Q","jetpack-related-posts":[{"id":8,"url":"https:\/\/spanndecken-nrw.de\/de\/spanndecken\/","url_meta":{"origin":176,"position":0},"title":"Spanndecken","author":"netschmied-webmaster","date":"16. September 2016","format":false,"excerpt":"Bei der Renovierung von Wohnr\u00e4umen stellt sich immer wieder die Frage: Was kann man mit der Zimmerdecke machen? Eine formsch\u00f6ne Alternative zum Streichen oder Herausrei\u00dfen der alten Decke bietet eine Spanndecke. Dieses Deckensystem wird unterhalb der urspr\u00fcnglichen Raumdecke angebracht. Das m\u00fchsame und oftmals staubige Herausrei\u00dfen der alten Decke sowie das\u2026","rel":"","context":"\u00c4hnlicher Beitrag","block_context":{"text":"\u00c4hnlicher Beitrag","link":""},"img":{"alt_text":"","src":"https:\/\/i0.wp.com\/spanndecken-nrw.de\/de\/wp-content\/uploads\/2016\/09\/IMG_0611_1.jpg?fit=1200%2C514&ssl=1&resize=350%2C200","width":350,"height":200,"srcset":"https:\/\/i0.wp.com\/spanndecken-nrw.de\/de\/wp-content\/uploads\/2016\/09\/IMG_0611_1.jpg?fit=1200%2C514&ssl=1&resize=350%2C200 1x, https:\/\/i0.wp.com\/spanndecken-nrw.de\/de\/wp-content\/uploads\/2016\/09\/IMG_0611_1.jpg?fit=1200%2C514&ssl=1&resize=525%2C300 1.5x, https:\/\/i0.wp.com\/spanndecken-nrw.de\/de\/wp-content\/uploads\/2016\/09\/IMG_0611_1.jpg?fit=1200%2C514&ssl=1&resize=700%2C400 2x, https:\/\/i0.wp.com\/spanndecken-nrw.de\/de\/wp-content\/uploads\/2016\/09\/IMG_0611_1.jpg?fit=1200%2C514&ssl=1&resize=1050%2C600 3x"},"classes":[]},{"id":155,"url":"https:\/\/spanndecken-nrw.de\/de\/farbkarte\/","url_meta":{"origin":176,"position":1},"title":"Farbkarte","author":"netschmied-webmaster","date":"30. September 2016","format":false,"excerpt":"\u00dcber 100 unterschiedliche Farbt\u00f6ne und etliche Oberfl\u00e4chen stehen zur Wahl: Beispiele f\u00fcr matte Spanndecken Farben: Beispiele f\u00fcr gl\u00e4nzende Spanndecken Farben \u00a0 Neugierig geworden? W\u00fcnschen Sie weitergehende Informationen? F\u00fcllen Sie bitte unser Infoformular aus und wir melden uns bei Ihnen. \u00a0 \u00a0 \u00a0","rel":"","context":"\u00c4hnlicher Beitrag","block_context":{"text":"\u00c4hnlicher Beitrag","link":""},"img":{"alt_text":"","src":"https:\/\/i0.wp.com\/spanndecken-nrw.de\/de\/wp-content\/uploads\/2016\/10\/cfm1-Kopie.jpg?resize=350%2C200&ssl=1","width":350,"height":200,"srcset":"https:\/\/i0.wp.com\/spanndecken-nrw.de\/de\/wp-content\/uploads\/2016\/10\/cfm1-Kopie.jpg?resize=350%2C200&ssl=1 1x, https:\/\/i0.wp.com\/spanndecken-nrw.de\/de\/wp-content\/uploads\/2016\/10\/cfm1-Kopie.jpg?resize=525%2C300&ssl=1 1.5x, https:\/\/i0.wp.com\/spanndecken-nrw.de\/de\/wp-content\/uploads\/2016\/10\/cfm1-Kopie.jpg?resize=700%2C400&ssl=1 2x, https:\/\/i0.wp.com\/spanndecken-nrw.de\/de\/wp-content\/uploads\/2016\/10\/cfm1-Kopie.jpg?resize=1050%2C600&ssl=1 3x"},"classes":[]},{"id":93,"url":"https:\/\/spanndecken-nrw.de\/de\/spanndecken\/haeufige-fragen\/","url_meta":{"origin":176,"position":2},"title":"H\u00e4ufige Fragen","author":"netschmied-webmaster","date":"27. September 2016","format":false,"excerpt":"Allgemeine Fragen: Frage: Ist eine Spanndecke wasserdicht? Antwort: Ja, eine Spanndecke ist wasserdicht und kann sogar dabei helfen, bei einen Rohrbruch oberhalb der Spanndecke, den Schaden unterhalb der Spanndecke zu vermeiden. Wir hatten einen solchen Fall, in dem eine Spanndecke einen Wasserschaden, der in einem h\u00f6her gelegenen Stockwerk auftrat, im\u2026","rel":"","context":"\u00c4hnlicher Beitrag","block_context":{"text":"\u00c4hnlicher Beitrag","link":""},"img":{"alt_text":"","src":"https:\/\/i0.wp.com\/spanndecken-nrw.de\/de\/wp-content\/uploads\/2016\/09\/IMG_0611_2.jpg?fit=1200%2C514&ssl=1&resize=350%2C200","width":350,"height":200,"srcset":"https:\/\/i0.wp.com\/spanndecken-nrw.de\/de\/wp-content\/uploads\/2016\/09\/IMG_0611_2.jpg?fit=1200%2C514&ssl=1&resize=350%2C200 1x, https:\/\/i0.wp.com\/spanndecken-nrw.de\/de\/wp-content\/uploads\/2016\/09\/IMG_0611_2.jpg?fit=1200%2C514&ssl=1&resize=525%2C300 1.5x, https:\/\/i0.wp.com\/spanndecken-nrw.de\/de\/wp-content\/uploads\/2016\/09\/IMG_0611_2.jpg?fit=1200%2C514&ssl=1&resize=700%2C400 2x, https:\/\/i0.wp.com\/spanndecken-nrw.de\/de\/wp-content\/uploads\/2016\/09\/IMG_0611_2.jpg?fit=1200%2C514&ssl=1&resize=1050%2C600 3x"},"classes":[]},{"id":111,"url":"https:\/\/spanndecken-nrw.de\/de\/technik\/beleuchtung\/","url_meta":{"origin":176,"position":3},"title":"Beleuchtung","author":"netschmied-webmaster","date":"27. September 2016","format":false,"excerpt":"Lampen und Spanndecken Spanndecken bieten eine unglaubliche Vielzahl an Beleuchtungsm\u00f6glichkeiten. Nat\u00fcrlich kann die bestehende Beleuchtung nahtlos in die Spanndecke integriert werden, egal ob Kronleuchter, Deckenlampe oder abgeh\u00e4ngte B\u00fcroleuchten. Um dem Raum ein besonderes Flair zu geben, empfehlen wir unseren Kunden z.B. Swarovski Crystal Downlights & Spots. Durch die lichtbrechenden Swarovski\u2026","rel":"","context":"\u00c4hnlicher Beitrag","block_context":{"text":"\u00c4hnlicher Beitrag","link":""},"img":{"alt_text":"","src":"https:\/\/i0.wp.com\/spanndecken-nrw.de\/de\/wp-content\/uploads\/2016\/09\/headbel.jpg?fit=1200%2C182&ssl=1&resize=350%2C200","width":350,"height":200,"srcset":"https:\/\/i0.wp.com\/spanndecken-nrw.de\/de\/wp-content\/uploads\/2016\/09\/headbel.jpg?fit=1200%2C182&ssl=1&resize=350%2C200 1x, https:\/\/i0.wp.com\/spanndecken-nrw.de\/de\/wp-content\/uploads\/2016\/09\/headbel.jpg?fit=1200%2C182&ssl=1&resize=525%2C300 1.5x, https:\/\/i0.wp.com\/spanndecken-nrw.de\/de\/wp-content\/uploads\/2016\/09\/headbel.jpg?fit=1200%2C182&ssl=1&resize=700%2C400 2x, https:\/\/i0.wp.com\/spanndecken-nrw.de\/de\/wp-content\/uploads\/2016\/09\/headbel.jpg?fit=1200%2C182&ssl=1&resize=1050%2C600 3x"},"classes":[]},{"id":6,"url":"https:\/\/spanndecken-nrw.de\/de\/","url_meta":{"origin":176,"position":4},"title":"Spanndecken f\u00fcr mehr Wohnlichkeit","author":"netschmied-webmaster","date":"16. September 2016","format":false,"excerpt":"Eine Spanndecke ist eine formsch\u00f6ne Alternative zum Streichen oder Herausrei\u00dfen der alten Decke. Dieses Deckensystem kann je nach Raumh\u00f6he unterhalb der vorhandenen Raumdecke angebracht werden. Dadurch entf\u00e4llt die m\u00fchsame und oftmals staubige Demontage. Unabh\u00e4ngig von der Form des jeweiligen Raumes konzipieren wir nach Ihren W\u00fcnschen die passende Deckenl\u00f6sung. Individuell f\u00fcr\u2026","rel":"","context":"\u00c4hnlicher Beitrag","block_context":{"text":"\u00c4hnlicher Beitrag","link":""},"img":{"alt_text":"","src":"","width":0,"height":0},"classes":[]},{"id":10,"url":"https:\/\/spanndecken-nrw.de\/de\/lichtdecken\/","url_meta":{"origin":176,"position":5},"title":"Lichtdecken","author":"netschmied-webmaster","date":"16. September 2016","format":false,"excerpt":"Lichtdecken - denn eine gro\u00dfz\u00fcgige Ausleuchtung ist wichtig \u2026 Warum spielen und arbeiten Sie nicht mit allen M\u00f6glichkeiten. Auch hier k\u00f6nnen Sie Form und Farbe einsetzen. Im Gegensatz zu herk\u00f6mmlichen Produkten aus Glas oder Kunststoff bestechen die Lichtdecken aus gespannter Folie durch ihre Leichtigkeit und ihren Variationsm\u00f6glichkeiten. Ob als Komplett-\u2026","rel":"","context":"\u00c4hnlicher Beitrag","block_context":{"text":"\u00c4hnlicher Beitrag","link":""},"img":{"alt_text":"","src":"https:\/\/i0.wp.com\/spanndecken-nrw.de\/de\/wp-content\/uploads\/2016\/09\/IMG_0611_6.jpg?fit=1200%2C514&ssl=1&resize=350%2C200","width":350,"height":200,"srcset":"https:\/\/i0.wp.com\/spanndecken-nrw.de\/de\/wp-content\/uploads\/2016\/09\/IMG_0611_6.jpg?fit=1200%2C514&ssl=1&resize=350%2C200 1x, https:\/\/i0.wp.com\/spanndecken-nrw.de\/de\/wp-content\/uploads\/2016\/09\/IMG_0611_6.jpg?fit=1200%2C514&ssl=1&resize=525%2C300 1.5x, https:\/\/i0.wp.com\/spanndecken-nrw.de\/de\/wp-content\/uploads\/2016\/09\/IMG_0611_6.jpg?fit=1200%2C514&ssl=1&resize=700%2C400 2x, https:\/\/i0.wp.com\/spanndecken-nrw.de\/de\/wp-content\/uploads\/2016\/09\/IMG_0611_6.jpg?fit=1200%2C514&ssl=1&resize=1050%2C600 3x"},"classes":[]}],"_links":{"self":[{"href":"https:\/\/spanndecken-nrw.de\/de\/wp-json\/wp\/v2\/pages\/176","targetHints":{"allow":["GET"]}}],"collection":[{"href":"https:\/\/spanndecken-nrw.de\/de\/wp-json\/wp\/v2\/pages"}],"about":[{"href":"https:\/\/spanndecken-nrw.de\/de\/wp-json\/wp\/v2\/types\/page"}],"author":[{"embeddable":true,"href":"https:\/\/spanndecken-nrw.de\/de\/wp-json\/wp\/v2\/users\/1"}],"replies":[{"embeddable":true,"href":"https:\/\/spanndecken-nrw.de\/de\/wp-json\/wp\/v2\/comments?post=176"}],"version-history":[{"count":8,"href":"https:\/\/spanndecken-nrw.de\/de\/wp-json\/wp\/v2\/pages\/176\/revisions"}],"predecessor-version":[{"id":313,"href":"https:\/\/spanndecken-nrw.de\/de\/wp-json\/wp\/v2\/pages\/176\/revisions\/313"}],"wp:attachment":[{"href":"https:\/\/spanndecken-nrw.de\/de\/wp-json\/wp\/v2\/media?parent=176"}],"curies":[{"name":"wp","href":"https:\/\/api.w.org\/{rel}","templated":true}]}}